{"id":120,"date":"2024-01-26T01:23:41","date_gmt":"2024-01-26T00:23:41","guid":{"rendered":"http:\/\/localhost\/aemp-web\/?page_id=120"},"modified":"2024-01-26T01:23:41","modified_gmt":"2024-01-26T00:23:41","slug":"resoluciones-regulatorias","status":"publish","type":"page","link":"https:\/\/www.autoridadempresas.gob.bo\/produccion\/?page_id=120","title":{"rendered":"RESOLUCIONES REGULATORIAS"},"content":{"rendered":"\n<div class=\"wp-block-group is-layout-constrained wp-block-group-is-layout-constrained\">\n<div class=\"wp-block-group has-border-color has-dark-blue-border-color has-white-background-color has-background is-layout-constrained wp-container-core-group-layout-1 wp-block-group-is-layout-constrained\" style=\"border-width:1px;margin-top:var(--wp--preset--spacing--40);margin-bottom:var(--wp--preset--spacing--40);padding-top:30px;padding-right:30px;padding-bottom:30px;padding-left:30px\">\n<p class=\"has-dark-blue-color has-text-color has-link-color has-small-font-size wp-elements-222f86046bfbe806bf4b96405b97f65a\"><strong>Resoluci\u00f3n Administrativa RA\/AEMP\/N\u00b0110\/2023 de 13 de abril de 2023<\/strong><\/p>\n\n\n\n<p class=\"has-sky-blue-color has-text-color has-link-color has-extra-small-font-size wp-elements-a5803290b6dc8ba03d9710350c1770d4\">Aprobaci\u00f3n del Reglamento de Entrega de Informaci\u00f3n de los Tenedores de Acciones al Portador de las Sociedades Comerciales.<\/p>\n\n\n\n<div class=\"wp-block-buttons is-content-justification-right is-layout-flex wp-container-core-buttons-layout-1 wp-block-buttons-is-layout-flex\">\n<div class=\"wp-block-button\"><a class=\"wp-block-button__link has-lite-green-color has-dark-blue-background-color has-text-color has-background has-link-color wp-element-button\" href=\"https:\/\/www.oas.org\/dil\/esp\/constitucion_bolivia.pdf\" style=\"padding-top:5px;padding-bottom:5px\" target=\"_blank\" rel=\"noreferrer noopener\">Descargar<\/a><\/div>\n<\/div>\n<\/div>\n\n\n\n<div class=\"wp-block-group has-border-color has-dark-blue-border-color has-white-background-color has-background is-layout-constrained wp-container-core-group-layout-2 wp-block-group-is-layout-constrained\" style=\"border-width:1px;margin-top:var(--wp--preset--spacing--40);margin-bottom:var(--wp--preset--spacing--40);padding-top:30px;padding-right:30px;padding-bottom:30px;padding-left:30px\">\n<p class=\"has-dark-blue-color has-text-color has-link-color has-extra-small-font-size wp-elements-602befde3e1df2edc937743942518ff7\"><strong>Resoluci\u00f3n Administrativa Interna RAI\/AEMP\/DJ\/N\u00b0 10\/2022<\/strong><\/p>\n\n\n\n<p class=\"has-sky-blue-color has-text-color has-link-color has-extra-small-font-size wp-elements-f66ddd0977e7d18df4efeb1c8516dd7c\">Procedimiento de Supervisi\u00f3n de Registro de Acciones y Libro de Registros.<\/p>\n\n\n\n<div class=\"wp-block-buttons is-content-justification-right is-layout-flex wp-container-core-buttons-layout-2 wp-block-buttons-is-layout-flex\">\n<div class=\"wp-block-button\"><a class=\"wp-block-button__link has-lite-green-color has-dark-blue-background-color has-text-color has-background has-link-color wp-element-button\" href=\"https:\/\/www.oas.org\/dil\/esp\/constitucion_bolivia.pdf\" style=\"padding-top:5px;padding-bottom:5px\" target=\"_blank\" rel=\"noreferrer noopener\">Descargar<\/a><\/div>\n<\/div>\n<\/div>\n\n\n\n<div class=\"wp-block-group has-border-color has-dark-blue-border-color has-white-background-color has-background is-layout-constrained wp-container-core-group-layout-3 wp-block-group-is-layout-constrained\" style=\"border-width:1px;margin-top:var(--wp--preset--spacing--40);margin-bottom:var(--wp--preset--spacing--40);padding-top:30px;padding-right:30px;padding-bottom:30px;padding-left:30px\">\n<p class=\"has-dark-blue-color has-text-color has-link-color has-extra-small-font-size wp-elements-b55cbc2f572c9e1021fa2a2365727028\"><strong>Resoluci\u00f3n Administrativa RA\/AEMP\/N\u00b0140\/2018 de 31 de diciembre de 2018<\/strong><\/p>\n\n\n\n<p class=\"has-sky-blue-color has-text-color has-link-color has-extra-small-font-size wp-elements-9e39b28162b8eaf7dd8a0651099871d0\">Dispone que toda persona natural o jur\u00eddica (comerciante individual y sociedades comerciales), que desarrollan la actividad comercial de pr\u00e9stamo de dinero con intereses, conforme al art\u00edculo 6, numeral 4) de C\u00f3digo de Comercio, deben registrarse en el Registro de Comercio de Bolivia, a los efectos de obtener su Matr\u00edcula de Comercio, en sujeci\u00f3n al art\u00edculo 25, numeral I del C\u00f3digo de Comercio.<\/p>\n\n\n\n<div class=\"wp-block-buttons is-content-justification-right is-layout-flex wp-container-core-buttons-layout-3 wp-block-buttons-is-layout-flex\">\n<div class=\"wp-block-button\"><a class=\"wp-block-button__link has-lite-green-color has-dark-blue-background-color has-text-color has-background has-link-color wp-element-button\" href=\"https:\/\/www.oas.org\/dil\/esp\/constitucion_bolivia.pdf\" style=\"padding-top:5px;padding-bottom:5px\" target=\"_blank\" rel=\"noreferrer noopener\">Descargar<\/a><\/div>\n<\/div>\n<\/div>\n\n\n\n<div class=\"wp-block-group has-border-color has-dark-blue-border-color has-white-background-color has-background is-layout-constrained wp-container-core-group-layout-4 wp-block-group-is-layout-constrained\" style=\"border-width:1px;margin-top:var(--wp--preset--spacing--40);margin-bottom:var(--wp--preset--spacing--40);padding-top:30px;padding-right:30px;padding-bottom:30px;padding-left:30px\">\n<p class=\"has-dark-blue-color has-text-color has-link-color has-extra-small-font-size wp-elements-56adbc6fc3dc249fc714c00d31a9f107\"><strong>Resoluci\u00f3n Administrativa RA\/AEMP\/N\u00ba94\/2017 de 26 de septiembre de 2017<\/strong><\/p>\n\n\n\n<p class=\"has-sky-blue-color has-text-color has-link-color has-extra-small-font-size wp-elements-0a3c2c9c1be0eb11a718938d44fe150f\">Declara improcedente la solicitud de aclaraci\u00f3n y complementaci\u00f3n de la CAMARA NACIONAL DE COMERCIO expuesta en el punto A del memorial de fecha 19 de septiembre de 2017. Complementa la Resoluci\u00f3n Administrativa RA\/AEMP\/N\u00b091\/2017 de 13 de septiembre de 2017.<\/p>\n\n\n\n<div class=\"wp-block-buttons is-content-justification-right is-layout-flex wp-container-core-buttons-layout-4 wp-block-buttons-is-layout-flex\">\n<div class=\"wp-block-button\"><a class=\"wp-block-button__link has-lite-green-color has-dark-blue-background-color has-text-color has-background has-link-color wp-element-button\" href=\"https:\/\/www.oas.org\/dil\/esp\/constitucion_bolivia.pdf\" style=\"padding-top:5px;padding-bottom:5px\" target=\"_blank\" rel=\"noreferrer noopener\">Descargar<\/a><\/div>\n<\/div>\n<\/div>\n\n\n\n<div class=\"wp-block-group has-border-color has-dark-blue-border-color has-white-background-color has-background is-layout-constrained wp-container-core-group-layout-5 wp-block-group-is-layout-constrained\" style=\"border-width:1px;margin-top:var(--wp--preset--spacing--40);margin-bottom:var(--wp--preset--spacing--40);padding-top:30px;padding-right:30px;padding-bottom:30px;padding-left:30px\">\n<p class=\"has-dark-blue-color has-text-color has-link-color has-extra-small-font-size wp-elements-e8f40a3f23c0c45bc6d848f550fc8a1d\"><strong>Decreto Supremo 214 de 22 de Julio de 2009<\/strong><\/p>\n\n\n\n<p class=\"has-sky-blue-color has-text-color has-link-color has-extra-small-font-size wp-elements-7f572fe9550d1e14325e87a48ea9b780\">Aprobar la Pol\u00edtica Nacional de Transparencia y Lucha Contra la Corrupci\u00f3n.<\/p>\n\n\n\n<div class=\"wp-block-buttons is-content-justification-right is-layout-flex wp-container-core-buttons-layout-5 wp-block-buttons-is-layout-flex\">\n<div class=\"wp-block-button\"><a class=\"wp-block-button__link has-lite-green-color has-dark-blue-background-color has-text-color has-background has-link-color wp-element-button\" href=\"https:\/\/www.oas.org\/dil\/esp\/constitucion_bolivia.pdf\" style=\"padding-top:5px;padding-bottom:5px\" target=\"_blank\" rel=\"noreferrer noopener\">Descargar<\/a><\/div>\n<\/div>\n<\/div>\n<\/div>\n","protected":false},"excerpt":{"rendered":"<p>Resoluci\u00f3n Administrativa RA\/AEMP\/N\u00b0110\/2023 de 13 de abril de 2023 Aprobaci\u00f3n del Reglamento de Entrega de [&hellip;]<\/p>\n","protected":false},"author":1,"featured_media":0,"parent":892,"menu_order":0,"comment_status":"closed","ping_status":"closed","template":"pagina-menu-fisca","meta":{"footnotes":""},"_links":{"self":[{"href":"https:\/\/www.autoridadempresas.gob.bo\/produccion\/index.php?rest_route=\/wp\/v2\/pages\/120"}],"collection":[{"href":"https:\/\/www.autoridadempresas.gob.bo\/produccion\/index.php?rest_route=\/wp\/v2\/pages"}],"about":[{"href":"https:\/\/www.autoridadempresas.gob.bo\/produccion\/index.php?rest_route=\/wp\/v2\/types\/page"}],"author":[{"embeddable":true,"href":"https:\/\/www.autoridadempresas.gob.bo\/produccion\/index.php?rest_route=\/wp\/v2\/users\/1"}],"replies":[{"embeddable":true,"href":"https:\/\/www.autoridadempresas.gob.bo\/produccion\/index.php?rest_route=%2Fwp%2Fv2%2Fcomments&post=120"}],"version-history":[{"count":0,"href":"https:\/\/www.autoridadempresas.gob.bo\/produccion\/index.php?rest_route=\/wp\/v2\/pages\/120\/revisions"}],"up":[{"embeddable":true,"href":"https:\/\/www.autoridadempresas.gob.bo\/produccion\/index.php?rest_route=\/wp\/v2\/pages\/892"}],"wp:attachment":[{"href":"https:\/\/www.autoridadempresas.gob.bo\/produccion\/index.php?rest_route=%2Fwp%2Fv2%2Fmedia&parent=120"}],"curies":[{"name":"wp","href":"https:\/\/api.w.org\/{rel}","templated":true}]}}