{"id":231,"date":"2024-01-25T23:27:35","date_gmt":"2024-01-25T22:27:35","guid":{"rendered":"http:\/\/localhost\/aemp-web\/?page_id=231"},"modified":"2024-01-25T23:27:35","modified_gmt":"2024-01-25T22:27:35","slug":"funciones-2","status":"publish","type":"page","link":"https:\/\/www.autoridadempresas.gob.bo\/produccion\/?page_id=231","title":{"rendered":"FUNCIONES"},"content":{"rendered":"\n<div class=\"wp-block-group is-layout-constrained wp-block-group-is-layout-constrained\">\n<ul class=\"olive-list-style-seven has-tiny-font-size\">\n<li class=\"has-tiny-font-size\">Dirigir la administraci\u00f3n y finanzas de la AEMP en el marco de la normativa legal vigente.<\/li>\n\n\n\n<li>Desarrollar, implementar y supervisar la aplicaci\u00f3n de los sistemas financieros y no financieros establecidos en la Ley N\u00ba 1178 de Administraci\u00f3n y Control Gubernamental.<\/li>\n\n\n\n<li>Formular el anteproyecto de presupuesto anual de la Entidad, coordinando con las direcciones y unidades, en el marco de las Directrices Presupuestarias emitidas por el \u00d3rgano&nbsp; Rector.<\/li>\n\n\n\n<li>Prestar asistencia t\u00e9cnica en el \u00e1mbito de su competencia cuando sea requerido.<\/li>\n\n\n\n<li>Asesorar y apoyar en asuntos administrativos al Director Ejecutivo, Direcciones y otras unidades.<\/li>\n\n\n\n<li>Brindar apoyo informativo al Despacho del Director Ejecutivo y Direcciones a trav\u00e9s&nbsp; de la recolecci\u00f3n, redacci\u00f3n y transmisi\u00f3n de la informaci\u00f3n.<\/li>\n\n\n\n<li>Difundir en el \u00e1mbito interno y externo, las actividades de la Entidad.<\/li>\n\n\n\n<li>Coordinar&nbsp; las&nbsp; actividades&nbsp; de la AEMP con&nbsp; los&nbsp; medios&nbsp; de&nbsp; prensa.<\/li>\n\n\n\n<li>Analizar y sistematizar la informaci\u00f3n referida a la AEMP.<\/li>\n\n\n\n<li>Fortalecer la comunicaci\u00f3n interna e interinstitucional.<\/li>\n\n\n\n<li>Asumir la representaci\u00f3n en temas administrativos y financieros de la AEMP.<\/li>\n\n\n\n<li>Elaborar y presentar los Estados Financieros en cumplimiento de las normas legales vigentes.<\/li>\n\n\n\n<li>Dirigir&nbsp; la&nbsp; organizaci\u00f3n&nbsp; y&nbsp; supervisar&nbsp; el&nbsp; archivo&nbsp; central&nbsp; e&nbsp; inform\u00e1ticos&nbsp; de la AEMP.<\/li>\n\n\n\n<li>Ejecutar&nbsp; funciones&nbsp; y&nbsp; tareas&nbsp; delegadas&nbsp; por&nbsp; el&nbsp; Director Ejecutivo.<\/li>\n\n\n\n<li>Elaborar, ejecutar y realizar seguimiento al Plan Operativo Anual de la Direcci\u00f3n, garantizando su estricto cumplimiento.<\/li>\n\n\n\n<li>Garantizar el acceso a servicios b\u00e1sicos y log\u00edsticos de la AEMP.<\/li>\n\n\n\n<li>Administrar los bienes de la Entidad.<\/li>\n\n\n\n<li>Dotar de insumos y materiales a funcionarios de la AEMP.<\/li>\n<\/ul>\n<\/div>\n","protected":false},"excerpt":{"rendered":"","protected":false},"author":1,"featured_media":0,"parent":896,"menu_order":0,"comment_status":"closed","ping_status":"closed","template":"pagina-menu-adm","meta":{"footnotes":""},"_links":{"self":[{"href":"https:\/\/www.autoridadempresas.gob.bo\/produccion\/index.php?rest_route=\/wp\/v2\/pages\/231"}],"collection":[{"href":"https:\/\/www.autoridadempresas.gob.bo\/produccion\/index.php?rest_route=\/wp\/v2\/pages"}],"about":[{"href":"https:\/\/www.autoridadempresas.gob.bo\/produccion\/index.php?rest_route=\/wp\/v2\/types\/page"}],"author":[{"embeddable":true,"href":"https:\/\/www.autoridadempresas.gob.bo\/produccion\/index.php?rest_route=\/wp\/v2\/users\/1"}],"replies":[{"embeddable":true,"href":"https:\/\/www.autoridadempresas.gob.bo\/produccion\/index.php?rest_route=%2Fwp%2Fv2%2Fcomments&post=231"}],"version-history":[{"count":0,"href":"https:\/\/www.autoridadempresas.gob.bo\/produccion\/index.php?rest_route=\/wp\/v2\/pages\/231\/revisions"}],"up":[{"embeddable":true,"href":"https:\/\/www.autoridadempresas.gob.bo\/produccion\/index.php?rest_route=\/wp\/v2\/pages\/896"}],"wp:attachment":[{"href":"https:\/\/www.autoridadempresas.gob.bo\/produccion\/index.php?rest_route=%2Fwp%2Fv2%2Fmedia&parent=231"}],"curies":[{"name":"wp","href":"https:\/\/api.w.org\/{rel}","templated":true}]}}