{"id":27,"date":"2024-01-24T18:59:34","date_gmt":"2024-01-24T17:59:34","guid":{"rendered":"http:\/\/localhost\/aemp-web\/?page_id=23"},"modified":"2024-02-02T23:42:07","modified_gmt":"2024-02-02T23:42:07","slug":"leyes","status":"publish","type":"page","link":"https:\/\/www.autoridadempresas.gob.bo\/produccion\/?page_id=27","title":{"rendered":"Leyes"},"content":{"rendered":"\n<div class=\"wp-block-group has-lite-green-background-color has-background is-layout-constrained wp-block-group-is-layout-constrained\" style=\"padding-top:var(--wp--preset--spacing--50);padding-bottom:var(--wp--preset--spacing--50)\">\n<div class=\"wp-block-group has-border-color has-dark-blue-border-color has-white-background-color has-background is-layout-constrained wp-container-core-group-layout-1 wp-block-group-is-layout-constrained\" style=\"border-width:1px;margin-top:var(--wp--preset--spacing--40);margin-bottom:var(--wp--preset--spacing--40);padding-top:15px;padding-right:15px;padding-bottom:15px;padding-left:15px\">\n<p class=\"has-dark-blue-color has-text-color has-link-color wp-elements-ed4c7157799e3378e89ec5a75f3ce6bf\"><strong>Ley 974 de 04 de septiembre de 2017<\/strong><\/p>\n\n\n\n<p class=\"has-dark-green-color has-text-color has-link-color wp-elements-c304886ae992260660f1d4e9a9eadf81\">Ley de Unidades de Transparencia y Lucha Contra la Corrupci\u00f3n.<\/p>\n\n\n\n<div class=\"wp-block-buttons is-content-justification-right is-layout-flex wp-container-core-buttons-layout-1 wp-block-buttons-is-layout-flex\">\n<div class=\"wp-block-button\"><a class=\"wp-block-button__link has-lite-green-color has-dark-blue-background-color has-text-color has-background has-link-color wp-element-button\" href=\"https:\/\/www.oas.org\/dil\/esp\/constitucion_bolivia.pdf\" style=\"padding-top:5px;padding-bottom:5px\" target=\"_blank\" rel=\"noreferrer noopener\">Descargar<\/a><\/div>\n<\/div>\n<\/div>\n\n\n\n<div class=\"wp-block-group has-border-color has-dark-blue-border-color has-white-background-color has-background is-layout-constrained wp-container-core-group-layout-2 wp-block-group-is-layout-constrained\" style=\"border-width:1px;margin-top:var(--wp--preset--spacing--40);margin-bottom:var(--wp--preset--spacing--40);padding-top:15px;padding-right:15px;padding-bottom:15px;padding-left:15px\">\n<p class=\"has-dark-blue-color has-text-color has-link-color wp-elements-1781ec446d5fe80170c66bd7f2578cb7\"><strong>Ley 685 del 11 de mayo de 2015<\/strong><\/p>\n\n\n\n<p class=\"has-dark-green-color has-text-color has-link-color wp-elements-9e048b86b985bc615d84413a10731092\">Ley de cierre del proceso de reestructuraci\u00f3n y liquidaci\u00f3n voluntaria de empresas y de atribuciones de la Autoridad de Fiscalizaci\u00f3n de Empresas &#8211; AEMP.<\/p>\n\n\n\n<div class=\"wp-block-buttons is-content-justification-right is-layout-flex wp-container-core-buttons-layout-2 wp-block-buttons-is-layout-flex\">\n<div class=\"wp-block-button\"><a class=\"wp-block-button__link has-lite-green-color has-dark-blue-background-color has-text-color has-background has-link-color wp-element-button\" href=\"https:\/\/www.oas.org\/dil\/esp\/constitucion_bolivia.pdf\" style=\"padding-top:5px;padding-bottom:5px\" target=\"_blank\" rel=\"noreferrer noopener\">Descargar<\/a><\/div>\n<\/div>\n<\/div>\n\n\n\n<div class=\"wp-block-group has-border-color has-dark-blue-border-color has-white-background-color has-background is-layout-constrained wp-container-core-group-layout-3 wp-block-group-is-layout-constrained\" style=\"border-width:1px;margin-top:var(--wp--preset--spacing--40);margin-bottom:var(--wp--preset--spacing--40);padding-top:15px;padding-right:15px;padding-bottom:15px;padding-left:15px\">\n<p class=\"has-dark-blue-color has-text-color has-link-color wp-elements-e0e2e3ed97b5f537f3e188a1130a59c3\"><strong>Ley 307 del 10 de noviembre del 2012<\/strong><\/p>\n\n\n\n<p class=\"has-dark-green-color has-text-color has-link-color wp-elements-2731dfe2b4fa727995e97b4f242d3e2e\">Ley del complejo productivo de la ca\u00f1a de az\u00facar.<\/p>\n\n\n\n<div class=\"wp-block-buttons is-content-justification-right is-layout-flex wp-container-core-buttons-layout-3 wp-block-buttons-is-layout-flex\">\n<div class=\"wp-block-button\"><a class=\"wp-block-button__link has-lite-green-color has-dark-blue-background-color has-text-color has-background has-link-color wp-element-button\" href=\"https:\/\/www.oas.org\/dil\/esp\/constitucion_bolivia.pdf\" style=\"padding-top:5px;padding-bottom:5px\" target=\"_blank\" rel=\"noreferrer noopener\">Descargar<\/a><\/div>\n<\/div>\n<\/div>\n<\/div>\n","protected":false},"excerpt":{"rendered":"<p>Ley 974 de 04 de septiembre de 2017 Ley de Unidades de Transparencia y Lucha [&hellip;]<\/p>\n","protected":false},"author":1,"featured_media":0,"parent":881,"menu_order":0,"comment_status":"closed","ping_status":"closed","template":"","meta":{"footnotes":""},"_links":{"self":[{"href":"https:\/\/www.autoridadempresas.gob.bo\/produccion\/index.php?rest_route=\/wp\/v2\/pages\/27"}],"collection":[{"href":"https:\/\/www.autoridadempresas.gob.bo\/produccion\/index.php?rest_route=\/wp\/v2\/pages"}],"about":[{"href":"https:\/\/www.autoridadempresas.gob.bo\/produccion\/index.php?rest_route=\/wp\/v2\/types\/page"}],"author":[{"embeddable":true,"href":"https:\/\/www.autoridadempresas.gob.bo\/produccion\/index.php?rest_route=\/wp\/v2\/users\/1"}],"replies":[{"embeddable":true,"href":"https:\/\/www.autoridadempresas.gob.bo\/produccion\/index.php?rest_route=%2Fwp%2Fv2%2Fcomments&post=27"}],"version-history":[{"count":1,"href":"https:\/\/www.autoridadempresas.gob.bo\/produccion\/index.php?rest_route=\/wp\/v2\/pages\/27\/revisions"}],"predecessor-version":[{"id":1204,"href":"https:\/\/www.autoridadempresas.gob.bo\/produccion\/index.php?rest_route=\/wp\/v2\/pages\/27\/revisions\/1204"}],"up":[{"embeddable":true,"href":"https:\/\/www.autoridadempresas.gob.bo\/produccion\/index.php?rest_route=\/wp\/v2\/pages\/881"}],"wp:attachment":[{"href":"https:\/\/www.autoridadempresas.gob.bo\/produccion\/index.php?rest_route=%2Fwp%2Fv2%2Fmedia&parent=27"}],"curies":[{"name":"wp","href":"https:\/\/api.w.org\/{rel}","templated":true}]}}