{"id":318,"date":"2024-01-26T01:16:47","date_gmt":"2024-01-26T00:16:47","guid":{"rendered":"http:\/\/localhost\/aemp-web\/?page_id=318"},"modified":"2024-02-05T14:45:21","modified_gmt":"2024-02-05T14:45:21","slug":"rrhh","status":"publish","type":"page","link":"https:\/\/www.autoridadempresas.gob.bo\/produccion\/?page_id=318","title":{"rendered":"RECURSOS HUMANOS"},"content":{"rendered":"\n<div class=\"wp-block-group has-lite-green-background-color has-background is-layout-constrained wp-block-group-is-layout-constrained\">\n<div class=\"wp-block-group has-border-color has-dark-blue-border-color has-white-background-color has-background is-layout-constrained wp-container-core-group-layout-1 wp-block-group-is-layout-constrained\" style=\"border-width:1px;margin-top:1rem;margin-bottom:1rem;padding-top:30px;padding-right:30px;padding-bottom:30px;padding-left:30px\">\n<p class=\"has-background-color has-text-color has-link-color has-extra-small-font-size wp-elements-baf7bb72e70baa824f69ed338cb77eff\"><strong>Escala Salarial 2019<\/strong><\/p>\n\n\n\n<div class=\"wp-block-buttons is-content-justification-right is-layout-flex wp-container-core-buttons-layout-1 wp-block-buttons-is-layout-flex\">\n<div class=\"wp-block-button\"><a class=\"wp-block-button__link has-lite-green-color has-dark-blue-background-color has-text-color has-background has-link-color wp-element-button\" href=\"https:\/\/www.oas.org\/dil\/esp\/constitucion_bolivia.pdf\" style=\"padding-top:5px;padding-bottom:5px\" target=\"_blank\" rel=\"noreferrer noopener\">Descargar<\/a><\/div>\n<\/div>\n<\/div>\n\n\n\n<div class=\"wp-block-group has-border-color has-dark-blue-border-color has-white-background-color has-background is-layout-constrained wp-container-core-group-layout-2 wp-block-group-is-layout-constrained\" style=\"border-width:1px;margin-top:1rem;margin-bottom:1rem;padding-top:30px;padding-right:30px;padding-bottom:30px;padding-left:30px\">\n<p class=\"has-dark-blue-color has-text-color has-link-color has-extra-small-font-size wp-elements-e4138b8757532b3c04a6987281b57700\"><strong>Modalidad de Selecci\u00f3n y Contrataci\u00f3n<\/strong><\/p>\n\n\n\n<div class=\"wp-block-buttons is-content-justification-right is-layout-flex wp-container-core-buttons-layout-2 wp-block-buttons-is-layout-flex\">\n<div class=\"wp-block-button\"><a class=\"wp-block-button__link has-lite-green-color has-dark-blue-background-color has-text-color has-background has-link-color wp-element-button\" href=\"https:\/\/www.oas.org\/dil\/esp\/constitucion_bolivia.pdf\" style=\"padding-top:5px;padding-bottom:5px\" target=\"_blank\" rel=\"noreferrer noopener\">Descargar<\/a><\/div>\n<\/div>\n<\/div>\n<\/div>\n\n\n\n<div class=\"wp-block-group has-lite-green-background-color has-background is-layout-constrained wp-block-group-is-layout-constrained\" style=\"border-style:none;border-width:0px;padding-top:10px;padding-right:30px;padding-bottom:10px;padding-left:30px\">\n<div class=\"wp-block-group alignwide is-layout-flow wp-container-core-group-layout-7 wp-block-group-is-layout-flow\" style=\"padding-bottom:30px\">\n<div class=\"wp-block-group is-content-justification-center is-nowrap is-layout-flex wp-container-core-group-layout-6 wp-block-group-is-layout-flex\" style=\"padding-top:0px;padding-right:0px;padding-bottom:0px;padding-left:0px\">\n<div class=\"wp-block-group is-layout-constrained wp-container-core-group-layout-5 wp-block-group-is-layout-constrained\">\n<div class=\"wp-block-group is-content-justification-center is-nowrap is-layout-flex wp-container-core-group-layout-4 wp-block-group-is-layout-flex\">\n<p class=\"has-cyan-color has-text-color\">CONVOCATORIAS<\/p>\n<\/div>\n\n\n\n<h2 class=\"wp-block-heading has-text-align-center has-dark-blue-color has-text-color has-slider-title-font-size\" style=\"line-height:1.3;text-transform:capitalize\"><strong>CONVOCATORIA EXTERNA<\/strong><\/h2>\n\n\n\n<p class=\"has-text-align-left\">La &nbsp;Autoridad &nbsp;de Fiscalizaci\u00f3n y Control Social de Empresa (AEMP), &nbsp;en cumplimiento a lo establecido en las Normas B\u00e1sicas del Sistema de Administraci\u00f3n de Personal, convoca a las personas interesadas a optar a los siguientes puestos.<\/p>\n<\/div>\n<\/div>\n<\/div>\n<\/div>\n","protected":false},"excerpt":{"rendered":"<p>Escala Salarial 2019 Modalidad de Selecci\u00f3n y Contrataci\u00f3n CONVOCATORIAS CONVOCATORIA EXTERNA La &nbsp;Autoridad &nbsp;de Fiscalizaci\u00f3n [&hellip;]<\/p>\n","protected":false},"author":1,"featured_media":0,"parent":896,"menu_order":0,"comment_status":"closed","ping_status":"closed","template":"pagina-menu-adm","meta":{"footnotes":""},"_links":{"self":[{"href":"https:\/\/www.autoridadempresas.gob.bo\/produccion\/index.php?rest_route=\/wp\/v2\/pages\/318"}],"collection":[{"href":"https:\/\/www.autoridadempresas.gob.bo\/produccion\/index.php?rest_route=\/wp\/v2\/pages"}],"about":[{"href":"https:\/\/www.autoridadempresas.gob.bo\/produccion\/index.php?rest_route=\/wp\/v2\/types\/page"}],"author":[{"embeddable":true,"href":"https:\/\/www.autoridadempresas.gob.bo\/produccion\/index.php?rest_route=\/wp\/v2\/users\/1"}],"replies":[{"embeddable":true,"href":"https:\/\/www.autoridadempresas.gob.bo\/produccion\/index.php?rest_route=%2Fwp%2Fv2%2Fcomments&post=318"}],"version-history":[{"count":4,"href":"https:\/\/www.autoridadempresas.gob.bo\/produccion\/index.php?rest_route=\/wp\/v2\/pages\/318\/revisions"}],"predecessor-version":[{"id":1268,"href":"https:\/\/www.autoridadempresas.gob.bo\/produccion\/index.php?rest_route=\/wp\/v2\/pages\/318\/revisions\/1268"}],"up":[{"embeddable":true,"href":"https:\/\/www.autoridadempresas.gob.bo\/produccion\/index.php?rest_route=\/wp\/v2\/pages\/896"}],"wp:attachment":[{"href":"https:\/\/www.autoridadempresas.gob.bo\/produccion\/index.php?rest_route=%2Fwp%2Fv2%2Fmedia&parent=318"}],"curies":[{"name":"wp","href":"https:\/\/api.w.org\/{rel}","templated":true}]}}