{"id":33,"date":"2024-01-24T20:30:35","date_gmt":"2024-01-24T19:30:35","guid":{"rendered":"http:\/\/localhost\/aemp-web\/?page_id=33"},"modified":"2024-02-02T23:40:21","modified_gmt":"2024-02-02T23:40:21","slug":"marco-legal-cpe","status":"publish","type":"page","link":"https:\/\/www.autoridadempresas.gob.bo\/produccion\/?page_id=33","title":{"rendered":"CPE"},"content":{"rendered":"\n<div class=\"wp-block-group has-lite-green-background-color has-background is-layout-constrained wp-block-group-is-layout-constrained\" style=\"padding-top:var(--wp--preset--spacing--50);padding-right:0;padding-bottom:var(--wp--preset--spacing--50);padding-left:0\">\n<div class=\"wp-block-group has-border-color has-dark-blue-border-color has-white-background-color has-background is-layout-constrained wp-container-core-group-layout-1 wp-block-group-is-layout-constrained\" style=\"border-width:1px;padding-top:15px;padding-right:15px;padding-bottom:15px;padding-left:15px\">\n<p class=\"has-dark-blue-color has-text-color has-link-color wp-elements-cac5ba0970f21065f90ca7248d75a879\"><strong><strong>Constituci\u00f3n Pol\u00edtica del Estado<\/strong><\/strong> <strong>2009<\/strong><\/p>\n\n\n\n<p class=\"has-dark-green-color has-text-color has-link-color has-small-font-size wp-elements-9d7d83258c4e00d0cb5c0569456cd632\">Es la&nbsp;expresi\u00f3n jur\u00eddica del Estado, que establece las normas fundamentales que estructuran la organizaci\u00f3n y funcionamiento del Gobierno<\/p>\n\n\n\n<div class=\"wp-block-buttons is-content-justification-right is-layout-flex wp-container-core-buttons-layout-1 wp-block-buttons-is-layout-flex\">\n<div class=\"wp-block-button is-style-fill\"><a class=\"wp-block-button__link has-white-color has-dark-blue-background-color has-text-color has-background has-link-color wp-element-button\" href=\"https:\/\/www.oas.org\/dil\/esp\/constitucion_bolivia.pdf\" style=\"padding-top:5px;padding-bottom:5px\" target=\"_blank\" rel=\"noreferrer noopener\">Descargar<\/a><\/div>\n<\/div>\n<\/div>\n<\/div>\n","protected":false},"excerpt":{"rendered":"<p>Constituci\u00f3n Pol\u00edtica del Estado 2009 Es la&nbsp;expresi\u00f3n jur\u00eddica del Estado, que establece las normas fundamentales [&hellip;]<\/p>\n","protected":false},"author":1,"featured_media":0,"parent":881,"menu_order":0,"comment_status":"closed","ping_status":"closed","template":"","meta":{"footnotes":""},"_links":{"self":[{"href":"https:\/\/www.autoridadempresas.gob.bo\/produccion\/index.php?rest_route=\/wp\/v2\/pages\/33"}],"collection":[{"href":"https:\/\/www.autoridadempresas.gob.bo\/produccion\/index.php?rest_route=\/wp\/v2\/pages"}],"about":[{"href":"https:\/\/www.autoridadempresas.gob.bo\/produccion\/index.php?rest_route=\/wp\/v2\/types\/page"}],"author":[{"embeddable":true,"href":"https:\/\/www.autoridadempresas.gob.bo\/produccion\/index.php?rest_route=\/wp\/v2\/users\/1"}],"replies":[{"embeddable":true,"href":"https:\/\/www.autoridadempresas.gob.bo\/produccion\/index.php?rest_route=%2Fwp%2Fv2%2Fcomments&post=33"}],"version-history":[{"count":1,"href":"https:\/\/www.autoridadempresas.gob.bo\/produccion\/index.php?rest_route=\/wp\/v2\/pages\/33\/revisions"}],"predecessor-version":[{"id":1202,"href":"https:\/\/www.autoridadempresas.gob.bo\/produccion\/index.php?rest_route=\/wp\/v2\/pages\/33\/revisions\/1202"}],"up":[{"embeddable":true,"href":"https:\/\/www.autoridadempresas.gob.bo\/produccion\/index.php?rest_route=\/wp\/v2\/pages\/881"}],"wp:attachment":[{"href":"https:\/\/www.autoridadempresas.gob.bo\/produccion\/index.php?rest_route=%2Fwp%2Fv2%2Fmedia&parent=33"}],"curies":[{"name":"wp","href":"https:\/\/api.w.org\/{rel}","templated":true}]}}