{"id":625,"date":"2024-01-27T01:41:19","date_gmt":"2024-01-27T00:41:19","guid":{"rendered":"http:\/\/localhost\/aemp-web\/?page_id=625"},"modified":"2024-01-27T01:41:19","modified_gmt":"2024-01-27T00:41:19","slug":"funciones-3","status":"publish","type":"page","link":"https:\/\/www.autoridadempresas.gob.bo\/produccion\/?page_id=625","title":{"rendered":"FUNCIONES"},"content":{"rendered":"\n<div class=\"wp-block-group is-layout-constrained wp-block-group-is-layout-constrained\">\n<div class=\"wp-block-columns alignwide is-layout-flex wp-container-core-columns-layout-1 wp-block-columns-is-layout-flex\">\n<div class=\"wp-block-column is-vertically-aligned-center is-layout-flow wp-block-column-is-layout-flow\">\n<div class=\"wp-block-group alignwide has-box-shadow has-border-color has-sky-blue-border-color has-white-background-color has-background is-layout-constrained wp-container-core-group-layout-1 wp-block-group-is-layout-constrained\" style=\"border-width:1px;border-radius:5px;padding-top:20px;padding-right:20px;padding-bottom:20px;padding-left:20px\">\n<p class=\"has-dark-blue-color has-text-color has-link-color wp-elements-d15d377a87102ec8dd7b760583c23e3f\">La Direcci\u00f3n T\u00e9cnica de Defensa de la Competencia y Desarrollo Normativo (DTDCDN), est\u00e1 encargada de regular, controlar, supervisar a las personas, entidades, empresas y actividades sujetas a su jurisdicci\u00f3n en materia de:<\/p>\n\n\n\n<ul class=\"has-dark-blue-color has-text-color has-link-color wp-elements-affec1525d17d2bd8ce27e968503b7a4\">\n<li>Defensa de la Competencia.<\/li>\n\n\n\n<li>Gobierno Corporativo.<\/li>\n\n\n\n<li>Responsabilidad Social y Empresarial.<\/li>\n\n\n\n<li>Estudios de Mercado<\/li>\n<\/ul>\n<\/div>\n<\/div>\n<\/div>\n<\/div>\n","protected":false},"excerpt":{"rendered":"<p>La Direcci\u00f3n T\u00e9cnica de Defensa de la Competencia y Desarrollo Normativo (DTDCDN), est\u00e1 encargada de [&hellip;]<\/p>\n","protected":false},"author":1,"featured_media":0,"parent":894,"menu_order":0,"comment_status":"closed","ping_status":"closed","template":"pagina-menu-defensa","meta":{"footnotes":""},"_links":{"self":[{"href":"https:\/\/www.autoridadempresas.gob.bo\/produccion\/index.php?rest_route=\/wp\/v2\/pages\/625"}],"collection":[{"href":"https:\/\/www.autoridadempresas.gob.bo\/produccion\/index.php?rest_route=\/wp\/v2\/pages"}],"about":[{"href":"https:\/\/www.autoridadempresas.gob.bo\/produccion\/index.php?rest_route=\/wp\/v2\/types\/page"}],"author":[{"embeddable":true,"href":"https:\/\/www.autoridadempresas.gob.bo\/produccion\/index.php?rest_route=\/wp\/v2\/users\/1"}],"replies":[{"embeddable":true,"href":"https:\/\/www.autoridadempresas.gob.bo\/produccion\/index.php?rest_route=%2Fwp%2Fv2%2Fcomments&post=625"}],"version-history":[{"count":0,"href":"https:\/\/www.autoridadempresas.gob.bo\/produccion\/index.php?rest_route=\/wp\/v2\/pages\/625\/revisions"}],"up":[{"embeddable":true,"href":"https:\/\/www.autoridadempresas.gob.bo\/produccion\/index.php?rest_route=\/wp\/v2\/pages\/894"}],"wp:attachment":[{"href":"https:\/\/www.autoridadempresas.gob.bo\/produccion\/index.php?rest_route=%2Fwp%2Fv2%2Fmedia&parent=625"}],"curies":[{"name":"wp","href":"https:\/\/api.w.org\/{rel}","templated":true}]}}