{"id":629,"date":"2024-01-27T01:43:08","date_gmt":"2024-01-27T00:43:08","guid":{"rendered":"http:\/\/localhost\/aemp-web\/?page_id=629"},"modified":"2024-01-27T01:43:08","modified_gmt":"2024-01-27T00:43:08","slug":"convenios","status":"publish","type":"page","link":"https:\/\/www.autoridadempresas.gob.bo\/produccion\/?page_id=629","title":{"rendered":"CONVENIOS"},"content":{"rendered":"\n<div class=\"wp-block-group has-lite-green-background-color has-background is-layout-constrained wp-block-group-is-layout-constrained\" style=\"padding-top:1.5rem;padding-bottom:1.5rem\">\n<div class=\"wp-block-group has-border-color has-dark-blue-border-color has-white-background-color has-background is-layout-constrained wp-container-core-group-layout-1 wp-block-group-is-layout-constrained\" style=\"border-width:1px;margin-top:0;margin-bottom:0;padding-top:15px;padding-right:15px;padding-bottom:15px;padding-left:15px\">\n<p class=\"has-dark-blue-color has-text-color has-link-color wp-elements-38180c8a7a7a5563fcf037b6b6057a59\"><strong>Convenio Interinstitucional AEMP &#8211; CAINCO de Puerto Suarez<\/strong><\/p>\n\n\n\n<p class=\"has-sky-blue-color has-text-color has-link-color has-small-font-size wp-elements-9a9f7ff2fb6c9f5097cac80b87f784f4\">Convenio Interinstitucional de Cooperaci\u00f3n entre la Autoridad de Fiscalizaci\u00f3n de Empresas &#8211; AEMP y la C\u00e1mara de Industria y Comercio de Puerto Suarez.<\/p>\n\n\n\n<div class=\"wp-block-buttons is-content-justification-right is-layout-flex wp-container-core-buttons-layout-1 wp-block-buttons-is-layout-flex\">\n<div class=\"wp-block-button\"><a class=\"wp-block-button__link has-lite-green-color has-dark-blue-background-color has-text-color has-background has-link-color wp-element-button\" href=\"https:\/\/www.autoridadempresas.gob.bo\/descargas?download=908:convenio-interisntitucional-aemp-cainco-de-puerto-suarez\" style=\"padding-top:5px;padding-bottom:5px\" target=\"_blank\" rel=\"noreferrer noopener\">Descargar<\/a><\/div>\n<\/div>\n<\/div>\n\n\n\n<div class=\"wp-block-group has-border-color has-dark-blue-border-color has-white-background-color has-background is-layout-constrained wp-container-core-group-layout-2 wp-block-group-is-layout-constrained\" style=\"border-width:1px;margin-top:var(--wp--preset--spacing--40);margin-bottom:0;padding-top:15px;padding-right:15px;padding-bottom:15px;padding-left:15px\">\n<p class=\"has-dark-blue-color has-text-color has-link-color wp-elements-e4fe40da06b3c5175224ec3228d63598\"><strong>Convenio de Coordinaci\u00f3n Interinstitucional AEMP &#8211; PGE<\/strong><\/p>\n\n\n\n<p class=\"has-sky-blue-color has-text-color has-link-color has-small-font-size wp-elements-0fd40f8eeb04de8d36042beb30429e6b\">Convenio Interinstitucional de PGE &#8211; AEMP.<\/p>\n\n\n\n<div class=\"wp-block-buttons is-content-justification-right is-layout-flex wp-container-core-buttons-layout-2 wp-block-buttons-is-layout-flex\">\n<div class=\"wp-block-button\"><a class=\"wp-block-button__link has-white-color has-dark-blue-background-color has-text-color has-background has-link-color wp-element-button\" href=\"https:\/\/www.oas.org\/dil\/esp\/constitucion_bolivia.pdf\" style=\"padding-top:5px;padding-bottom:5px\" target=\"_blank\" rel=\"noreferrer noopener\">Descargar<\/a><\/div>\n<\/div>\n<\/div>\n<\/div>\n","protected":false},"excerpt":{"rendered":"<p>Convenio Interinstitucional AEMP &#8211; CAINCO de Puerto Suarez Convenio Interinstitucional de Cooperaci\u00f3n entre la Autoridad [&hellip;]<\/p>\n","protected":false},"author":1,"featured_media":0,"parent":878,"menu_order":0,"comment_status":"closed","ping_status":"closed","template":"","meta":{"footnotes":""},"_links":{"self":[{"href":"https:\/\/www.autoridadempresas.gob.bo\/produccion\/index.php?rest_route=\/wp\/v2\/pages\/629"}],"collection":[{"href":"https:\/\/www.autoridadempresas.gob.bo\/produccion\/index.php?rest_route=\/wp\/v2\/pages"}],"about":[{"href":"https:\/\/www.autoridadempresas.gob.bo\/produccion\/index.php?rest_route=\/wp\/v2\/types\/page"}],"author":[{"embeddable":true,"href":"https:\/\/www.autoridadempresas.gob.bo\/produccion\/index.php?rest_route=\/wp\/v2\/users\/1"}],"replies":[{"embeddable":true,"href":"https:\/\/www.autoridadempresas.gob.bo\/produccion\/index.php?rest_route=%2Fwp%2Fv2%2Fcomments&post=629"}],"version-history":[{"count":0,"href":"https:\/\/www.autoridadempresas.gob.bo\/produccion\/index.php?rest_route=\/wp\/v2\/pages\/629\/revisions"}],"up":[{"embeddable":true,"href":"https:\/\/www.autoridadempresas.gob.bo\/produccion\/index.php?rest_route=\/wp\/v2\/pages\/878"}],"wp:attachment":[{"href":"https:\/\/www.autoridadempresas.gob.bo\/produccion\/index.php?rest_route=%2Fwp%2Fv2%2Fmedia&parent=629"}],"curies":[{"name":"wp","href":"https:\/\/api.w.org\/{rel}","templated":true}]}}