{"id":636,"date":"2024-01-27T01:46:42","date_gmt":"2024-01-27T00:46:42","guid":{"rendered":"http:\/\/localhost\/aemp-web\/?page_id=636"},"modified":"2024-02-05T14:55:39","modified_gmt":"2024-02-05T14:55:39","slug":"capacitaciones","status":"publish","type":"page","link":"https:\/\/www.autoridadempresas.gob.bo\/produccion\/?page_id=636","title":{"rendered":"Capacitaci\u00f3n"},"content":{"rendered":"\n<div class=\"wp-block-group has-lite-green-background-color has-background is-layout-constrained wp-block-group-is-layout-constrained\">\n<div class=\"wp-block-group has-border-color has-dark-blue-border-color has-white-background-color has-background is-layout-constrained wp-container-core-group-layout-1 wp-block-group-is-layout-constrained\" style=\"border-width:1px;margin-top:var(--wp--preset--spacing--40);margin-bottom:var(--wp--preset--spacing--40);padding-top:15px;padding-right:15px;padding-bottom:15px;padding-left:15px\">\n<p class=\"has-dark-blue-color has-text-color has-link-color wp-elements-0f92824a871083b653f854e84ef90080\">Ayuda Memoria de los Seminarios \u00abGobierno corporativo\u00bb y \u00abDefensa de la Competencia\u00bb Cochabamba Julio 2018<\/p>\n\n\n\n<div class=\"wp-block-buttons is-content-justification-right is-layout-flex wp-container-core-buttons-layout-1 wp-block-buttons-is-layout-flex\">\n<div class=\"wp-block-button\"><a class=\"wp-block-button__link has-lite-green-color has-dark-blue-background-color has-text-color has-background has-link-color wp-element-button\" href=\"https:\/\/www.oas.org\/dil\/esp\/constitucion_bolivia.pdf\" style=\"padding-top:5px;padding-bottom:5px\" target=\"_blank\" rel=\"noreferrer noopener\">Descargar<\/a><\/div>\n<\/div>\n<\/div>\n\n\n\n<div class=\"wp-block-group has-border-color has-dark-blue-border-color has-white-background-color has-background is-layout-constrained wp-container-core-group-layout-2 wp-block-group-is-layout-constrained\" style=\"border-width:1px;margin-top:var(--wp--preset--spacing--40);margin-bottom:var(--wp--preset--spacing--40);padding-top:15px;padding-right:15px;padding-bottom:15px;padding-left:15px\">\n<p class=\"has-dark-blue-color has-text-color has-link-color wp-elements-cd30aafc29a1f050e3c7aa20f3865d1c\">Tem\u00e1tica para Capacitaciones de la Direcci\u00f3n T\u00e9cnica de Fiscalizaci\u00f3n y Verificaci\u00f3n de Cumplimiento de Obligaciones Comerciales<\/p>\n\n\n\n<div class=\"wp-block-buttons is-content-justification-right is-layout-flex wp-container-core-buttons-layout-2 wp-block-buttons-is-layout-flex\">\n<div class=\"wp-block-button\"><a class=\"wp-block-button__link has-lite-green-color has-dark-blue-background-color has-text-color has-background has-link-color wp-element-button\" href=\"https:\/\/www.oas.org\/dil\/esp\/constitucion_bolivia.pdf\" style=\"padding-top:5px;padding-bottom:5px\" target=\"_blank\" rel=\"noreferrer noopener\">Descargar<\/a><\/div>\n<\/div>\n<\/div>\n<\/div>\n\n\n\n<div class=\"wp-block-group has-white-background-color has-background is-layout-constrained wp-block-group-is-layout-constrained\" style=\"border-style:none;border-width:0px;padding-top:var(--wp--preset--spacing--50);padding-right:15px;padding-bottom:var(--wp--preset--spacing--50);padding-left:15px\">\n<div class=\"wp-block-group alignwide is-layout-flow wp-container-core-group-layout-7 wp-block-group-is-layout-flow\" style=\"padding-bottom:30px\">\n<div class=\"wp-block-group is-content-justification-center is-nowrap is-layout-flex wp-container-core-group-layout-6 wp-block-group-is-layout-flex\" style=\"padding-top:0px;padding-right:0px;padding-bottom:0px;padding-left:0px\">\n<div class=\"wp-block-group is-layout-constrained wp-container-core-group-layout-5 wp-block-group-is-layout-constrained\">\n<div class=\"wp-block-group is-content-justification-center is-nowrap is-layout-flex wp-container-core-group-layout-4 wp-block-group-is-layout-flex\">\n<p class=\"has-primary-color has-text-color\"><\/p>\n<\/div>\n\n\n\n<h2 class=\"wp-block-heading has-text-align-center has-dark-blue-color has-text-color has-slider-title-font-size\" style=\"line-height:1.3;text-transform:capitalize\">CAPACITACIONES DIRECCI\u00d3N T\u00c9CNICA DE DEFENSA DE LA COMPETENCIA Y DESARROLLO NORMATIVO \u2013MARZO-ABRIL-MAYO DE 2022<\/h2>\n<\/div>\n<\/div>\n<\/div>\n\n\n\n<div class=\"wp-block-media-text alignwide has-media-on-the-right is-stacked-on-mobile has-lite-green-color has-text-color has-background has-link-color wp-elements-6812970f80f29a8032b45d004c66fb38\" style=\"background-color:#212f3f;padding-top:0;padding-right:0;padding-bottom:0;padding-left:0\"><div class=\"wp-block-media-text__content\">\n<div class=\"wp-block-group is-layout-flow wp-container-core-group-layout-8 wp-block-group-is-layout-flow\" style=\"padding-top:15px;padding-right:0;padding-bottom:15px;padding-left:0\">\n<h2 class=\"wp-block-heading\"><\/h2>\n\n\n\n<figure class=\"wp-block-table has-tiny-font-size\"><table><tbody><tr><td><strong>N\u00ba<\/strong><\/td><td><strong>EVENTO<\/strong><\/td><td class=\"has-text-align-center\" data-align=\"center\"><strong>INSTITUCION<\/strong><\/td><td class=\"has-text-align-center\" data-align=\"center\"><strong>CIUDAD<\/strong><\/td><td class=\"has-text-align-center\" data-align=\"center\"><strong>FECHA<\/strong><\/td><td class=\"has-text-align-center\" data-align=\"center\"><strong>NRO PARTICIPANTES<\/strong><\/td><\/tr><tr><td>1<\/td><td>Defensa de la Competencia<br>(V\u00eda virtual ZOOM)<\/td><td class=\"has-text-align-center\" data-align=\"center\">Universidad Privada Domingo Savio \u2013 UPDS<\/td><td class=\"has-text-align-center\" data-align=\"center\">Santa Cruz<\/td><td class=\"has-text-align-center\" data-align=\"center\">18-03-2022<\/td><td class=\"has-text-align-center\" data-align=\"center\">131<\/td><\/tr><tr><td>2<\/td><td>Gobierno Corporativo<br>(V\u00eda virtual ZOOM)<\/td><td class=\"has-text-align-center\" data-align=\"center\">Universidad Privada Domingo Savio \u2013 UPDS<\/td><td class=\"has-text-align-center\" data-align=\"center\">Santa Cruz<\/td><td class=\"has-text-align-center\" data-align=\"center\">22-04-2022<\/td><td class=\"has-text-align-center\" data-align=\"center\">118<\/td><\/tr><tr><td>3<\/td><td>Defensa de la Competencia<br>(V\u00eda virtual TEAMS)<\/td><td class=\"has-text-align-center\" data-align=\"center\">Universidad del Valle &#8211; UNIVALLE<\/td><td class=\"has-text-align-center\" data-align=\"center\"><br>Cocha- bamba<\/td><td class=\"has-text-align-center\" data-align=\"center\">25-04-2022<\/td><td class=\"has-text-align-center\" data-align=\"center\">70<\/td><\/tr><tr><td>4<\/td><td>Gobierno Corporativo<br>(V\u00eda virtual TEAMS)<\/td><td class=\"has-text-align-center\" data-align=\"center\">Universidad del Valle &#8211; UNIVALLE<\/td><td class=\"has-text-align-center\" data-align=\"center\"><br>Cocha- bamba<\/td><td class=\"has-text-align-center\" data-align=\"center\">09-05-2022<\/td><td class=\"has-text-align-center\" data-align=\"center\">98<\/td><\/tr><tr><td>5<\/td><td>Defensa de la Competencia<\/td><td class=\"has-text-align-center\" data-align=\"center\">Universidad LOYOLA<\/td><td class=\"has-text-align-center\" data-align=\"center\">La Paz<\/td><td class=\"has-text-align-center\" data-align=\"center\">06-05-2022<\/td><td class=\"has-text-align-center\" data-align=\"center\">100<\/td><\/tr><\/tbody><\/table><\/figure>\n<\/div>\n<\/div><figure class=\"wp-block-media-text__media\"><img decoding=\"async\" src=\"http:\/\/localhost\/aemp-web\/wp-content\/uploads\/2024\/01\/download.png\" alt=\"\" class=\"wp-image-811 size-full\"\/><\/figure><\/div>\n<\/div>\n","protected":false},"excerpt":{"rendered":"<p>Ayuda Memoria de los Seminarios \u00abGobierno corporativo\u00bb y \u00abDefensa de la Competencia\u00bb Cochabamba Julio 2018 [&hellip;]<\/p>\n","protected":false},"author":1,"featured_media":0,"parent":0,"menu_order":0,"comment_status":"closed","ping_status":"closed","template":"","meta":{"footnotes":""},"_links":{"self":[{"href":"https:\/\/www.autoridadempresas.gob.bo\/produccion\/index.php?rest_route=\/wp\/v2\/pages\/636"}],"collection":[{"href":"https:\/\/www.autoridadempresas.gob.bo\/produccion\/index.php?rest_route=\/wp\/v2\/pages"}],"about":[{"href":"https:\/\/www.autoridadempresas.gob.bo\/produccion\/index.php?rest_route=\/wp\/v2\/types\/page"}],"author":[{"embeddable":true,"href":"https:\/\/www.autoridadempresas.gob.bo\/produccion\/index.php?rest_route=\/wp\/v2\/users\/1"}],"replies":[{"embeddable":true,"href":"https:\/\/www.autoridadempresas.gob.bo\/produccion\/index.php?rest_route=%2Fwp%2Fv2%2Fcomments&post=636"}],"version-history":[{"count":1,"href":"https:\/\/www.autoridadempresas.gob.bo\/produccion\/index.php?rest_route=\/wp\/v2\/pages\/636\/revisions"}],"predecessor-version":[{"id":1273,"href":"https:\/\/www.autoridadempresas.gob.bo\/produccion\/index.php?rest_route=\/wp\/v2\/pages\/636\/revisions\/1273"}],"wp:attachment":[{"href":"https:\/\/www.autoridadempresas.gob.bo\/produccion\/index.php?rest_route=%2Fwp%2Fv2%2Fmedia&parent=636"}],"curies":[{"name":"wp","href":"https:\/\/api.w.org\/{rel}","templated":true}]}}