{"id":935,"date":"2024-01-30T23:17:06","date_gmt":"2024-01-30T22:17:06","guid":{"rendered":"http:\/\/localhost\/aemp-web\/?page_id=935"},"modified":"2024-01-30T23:17:06","modified_gmt":"2024-01-30T22:17:06","slug":"funciones","status":"publish","type":"page","link":"https:\/\/www.autoridadempresas.gob.bo\/produccion\/?page_id=935","title":{"rendered":"FUNCIONES"},"content":{"rendered":"\n<div class=\"wp-block-group is-layout-constrained wp-block-group-is-layout-constrained\">\n<div class=\"wp-block-group alignfull is-layout-flow wp-container-core-group-layout-3 wp-block-group-is-layout-flow\" style=\"padding-top:0px;padding-right:0px;padding-bottom:0px;padding-left:0px\">\n<div class=\"wp-block-columns alignwide is-layout-flex wp-container-core-columns-layout-1 wp-block-columns-is-layout-flex\">\n<div class=\"wp-block-column is-vertically-aligned-center is-layout-flow wp-block-column-is-layout-flow\">\n<div class=\"wp-block-group alignwide has-box-shadow has-dark-blue-color has-lite-green-background-color has-text-color has-background has-link-color wp-elements-1874f8d66de12f8310a3fd862798905f is-layout-constrained wp-container-core-group-layout-2 wp-block-group-is-layout-constrained\" style=\"border-style:none;border-width:0px;border-radius:5px;padding-top:20px;padding-right:20px;padding-bottom:20px;padding-left:20px\">\n<div class=\"wp-block-group is-layout-flow wp-container-core-group-layout-1 wp-block-group-is-layout-flow\" style=\"padding-top:0px;padding-right:0px;padding-bottom:0px;padding-left:0px\">\n<ul>\n<li>Prestar&nbsp;&nbsp; &nbsp;asesoramiento&nbsp;&nbsp; &nbsp;especializado a&nbsp;&nbsp; &nbsp;todas las Direcciones y Unidades de la AEMP.<\/li>\n\n\n\n<li>Apoyar en las tareas de desarrollo normativo jur\u00eddico de competencia de la AEMP a trav\u00e9s de la proyecci\u00f3n resoluciones.<\/li>\n\n\n\n<li>Registrar y archivar las Resoluciones Administrativas y toda otra documentaci\u00f3n, as\u00ed como organizar las fuentes de informaci\u00f3n legal.<\/li>\n\n\n\n<li>Coordinar y supervisar la funci\u00f3n y gesti\u00f3n jur\u00eddica de la Entidad.<\/li>\n\n\n\n<li>Proyectar las resoluciones de los recursos que conozca la AEMP y emitir informe fundado sobre su procedencia y m\u00e9rito.<\/li>\n\n\n\n<li>Realizar las labores y actividades instruidas por la Direcci\u00f3n Ejecutiva.<\/li>\n\n\n\n<li>Formular, ejecutar y realizar seguimiento al Programa de Operaciones Anuales de la Direcci\u00f3n, velando por su cumplimiento.<\/li>\n\n\n\n<li>Atender todo el tema de gesti\u00f3n jur\u00eddica al interior de la AEMP.<\/li>\n\n\n\n<li>Patrocinar y atender los asuntos legales y procesos presentados y tramitados ante la Entidad o en los que sea parte, as\u00ed como sustanciar los sumarios administrativos de la entidad.<\/li>\n\n\n\n<li>Elaborar proyectos de resoluciones y otros instrumentos de car\u00e1cter jur\u00eddico.<\/li>\n\n\n\n<li>Atender y procesar los aspectos de car\u00e1cter jur\u00eddico relativos a la aplicaci\u00f3n de los Sistemas de Administraci\u00f3n y Control Gubernamental.<\/li>\n\n\n\n<li>Elaborar contratos enmarcados en el ordenamiento jur\u00eddico vigente y que brinden seguridad jur\u00eddica.<\/li>\n\n\n\n<li>Resolver recursos de revocatoria presentados contra las resoluciones dictadas por la Autoridad de Fiscalizaci\u00f3n de Empresas, con criterios de imparcialidad, objetividad, legalidad y transparencia.<\/li>\n\n\n\n<li>Absolver&nbsp; consultas&nbsp; o&nbsp; requerimientos&nbsp; de&nbsp; opini\u00f3n&nbsp; jur\u00eddica.<\/li>\n\n\n\n<li>Emitir opini\u00f3n jur\u00eddica&nbsp; y&nbsp; recomendar&nbsp; las&nbsp; acciones pertinentes&nbsp; sobre&nbsp; temas&nbsp; sometidos&nbsp; a&nbsp; su&nbsp; an\u00e1lisis.<\/li>\n\n\n\n<li>Emitir criterio legal, asesoramiento y recomendaciones expresadas en informes jur\u00eddicos que sean requeridos de acuerdo a las necesidades.<\/li>\n\n\n\n<li>Emitir opini\u00f3n jur\u00eddica sobre proyectos de reglamento para el efectivo desarrollo de las actividades.<\/li>\n\n\n\n<li>Proyectar acuerdos y convenios que sean requeridos de acuerdo a las necesidades de la estructura de la AEMP, en el marco de la Constituci\u00f3n Pol\u00edtica del Estado y leyes nacionales.<\/li>\n\n\n\n<li>Remitir copia de Resoluci\u00f3n Administrativa documentada por aplicaci\u00f3n de multas y sanciones para proceder al registro en el SIGMA generando el derecho de cobro de la AEMP.<\/li>\n<\/ul>\n<\/div>\n<\/div>\n<\/div>\n<\/div>\n<\/div>\n<\/div>\n","protected":false},"excerpt":{"rendered":"","protected":false},"author":1,"featured_media":0,"parent":898,"menu_order":0,"comment_status":"closed","ping_status":"closed","template":"pagina-menu-juridica","meta":{"footnotes":""},"_links":{"self":[{"href":"https:\/\/www.autoridadempresas.gob.bo\/produccion\/index.php?rest_route=\/wp\/v2\/pages\/935"}],"collection":[{"href":"https:\/\/www.autoridadempresas.gob.bo\/produccion\/index.php?rest_route=\/wp\/v2\/pages"}],"about":[{"href":"https:\/\/www.autoridadempresas.gob.bo\/produccion\/index.php?rest_route=\/wp\/v2\/types\/page"}],"author":[{"embeddable":true,"href":"https:\/\/www.autoridadempresas.gob.bo\/produccion\/index.php?rest_route=\/wp\/v2\/users\/1"}],"replies":[{"embeddable":true,"href":"https:\/\/www.autoridadempresas.gob.bo\/produccion\/index.php?rest_route=%2Fwp%2Fv2%2Fcomments&post=935"}],"version-history":[{"count":0,"href":"https:\/\/www.autoridadempresas.gob.bo\/produccion\/index.php?rest_route=\/wp\/v2\/pages\/935\/revisions"}],"up":[{"embeddable":true,"href":"https:\/\/www.autoridadempresas.gob.bo\/produccion\/index.php?rest_route=\/wp\/v2\/pages\/898"}],"wp:attachment":[{"href":"https:\/\/www.autoridadempresas.gob.bo\/produccion\/index.php?rest_route=%2Fwp%2Fv2%2Fmedia&parent=935"}],"curies":[{"name":"wp","href":"https:\/\/api.w.org\/{rel}","templated":true}]}}