{"id":955,"date":"2024-01-30T23:39:38","date_gmt":"2024-01-30T22:39:38","guid":{"rendered":"http:\/\/localhost\/aemp-web\/?page_id=955"},"modified":"2024-01-30T23:39:38","modified_gmt":"2024-01-30T22:39:38","slug":"funciones","status":"publish","type":"page","link":"https:\/\/www.autoridadempresas.gob.bo\/produccion\/?page_id=955","title":{"rendered":"FUNCIONES"},"content":{"rendered":"\n<div class=\"wp-block-group is-layout-constrained wp-block-group-is-layout-constrained\">\n<div class=\"wp-block-group alignfull is-layout-flow wp-container-core-group-layout-3 wp-block-group-is-layout-flow\" style=\"padding-top:0px;padding-right:0px;padding-bottom:0px;padding-left:0px\">\n<div class=\"wp-block-columns alignwide is-layout-flex wp-container-core-columns-layout-1 wp-block-columns-is-layout-flex\">\n<div class=\"wp-block-column is-vertically-aligned-center is-layout-flow wp-block-column-is-layout-flow\">\n<div class=\"wp-block-group alignwide has-box-shadow has-dark-blue-color has-lite-green-background-color has-text-color has-background has-link-color wp-elements-75d51077a3953aa878ea8337220e37b3 is-layout-constrained wp-container-core-group-layout-2 wp-block-group-is-layout-constrained\" style=\"border-style:none;border-width:0px;border-radius:5px;padding-top:20px;padding-right:20px;padding-bottom:20px;padding-left:20px\">\n<div class=\"wp-block-group is-layout-flow wp-container-core-group-layout-1 wp-block-group-is-layout-flow\" style=\"padding-top:0px;padding-right:0px;padding-bottom:0px;padding-left:0px\">\n<p>1)&nbsp;&nbsp; Dar cumplimiento a la aplicaci\u00f3n del Reglamento Espec\u00edfico del Sistema de Programaci\u00f3n de Operaciones y el Reglamento Espec\u00edfico del Sistema de Organizaci\u00f3n Administrativa.<\/p>\n\n\n\n<p>2)&nbsp;&nbsp; Coordinar con las Direcciones la elaboraci\u00f3n, seguimiento y evaluaci\u00f3n del Plan Estrat\u00e9gico Institucional y el Programa Operativo Anual.<\/p>\n\n\n\n<p>3)&nbsp;&nbsp; Realizar el seguimiento y evaluaci\u00f3n peri\u00f3dica del cumplimiento de los objetivos y resultados de la entidad en relaci\u00f3n al Programa de Operaciones Anual en el marco del Plan de Desarrollo Econ\u00f3mico y Social y el Plan Estrat\u00e9gico Institucional.<\/p>\n\n\n\n<p>4)&nbsp;&nbsp; Evaluar los Resultados de la Gesti\u00f3n e informar a la M\u00e1xima Autoridad Ejecutiva, sugiriendo la adopci\u00f3n de medidas correctivas.<\/p>\n\n\n\n<p>5)&nbsp;&nbsp; Elaborar el Informe de Gesti\u00f3n Anual.<\/p>\n\n\n\n<p>6)&nbsp;&nbsp; Facilitar el cumplimiento de la Pol\u00edtica Nacional de Transparencia y Lucha Contra la Corrupci\u00f3n y la realizaci\u00f3n de las&nbsp; Audiencias P\u00fablicas de Rendici\u00f3n de Cuentas.<\/p>\n\n\n\n<p>7)&nbsp;&nbsp; Promover la \u00e9tica de los servidores p\u00fablicos de la Instituci\u00f3n basada en los principios y valores establecidos en la Constituci\u00f3n Pol\u00edtica del Estado.<\/p>\n\n\n\n<p>8)&nbsp;&nbsp; Coordinar la elaboraci\u00f3n y actualizaci\u00f3n de procedimientos de la Entidad con el \u00e1rea de su competencia.<\/p>\n\n\n\n<p>9)&nbsp;&nbsp; Coordinar con la DAF los lineamientos presupuestarios para la formulaci\u00f3n y reformulaci\u00f3n del Programa Operativo Anual.<\/p>\n\n\n\n<p>10) Realizar actividades recurrentes como certificaciones POAs, emisi\u00f3n y recepci\u00f3n de correspondencia, registro y organizaci\u00f3n de archivo de documentos y otros.<\/p>\n<\/div>\n<\/div>\n<\/div>\n<\/div>\n<\/div>\n<\/div>\n","protected":false},"excerpt":{"rendered":"<p>1)&nbsp;&nbsp; Dar cumplimiento a la aplicaci\u00f3n del Reglamento Espec\u00edfico del Sistema de Programaci\u00f3n de Operaciones [&hellip;]<\/p>\n","protected":false},"author":1,"featured_media":0,"parent":902,"menu_order":0,"comment_status":"closed","ping_status":"closed","template":"pagina-menu-planificacion","meta":{"footnotes":""},"_links":{"self":[{"href":"https:\/\/www.autoridadempresas.gob.bo\/produccion\/index.php?rest_route=\/wp\/v2\/pages\/955"}],"collection":[{"href":"https:\/\/www.autoridadempresas.gob.bo\/produccion\/index.php?rest_route=\/wp\/v2\/pages"}],"about":[{"href":"https:\/\/www.autoridadempresas.gob.bo\/produccion\/index.php?rest_route=\/wp\/v2\/types\/page"}],"author":[{"embeddable":true,"href":"https:\/\/www.autoridadempresas.gob.bo\/produccion\/index.php?rest_route=\/wp\/v2\/users\/1"}],"replies":[{"embeddable":true,"href":"https:\/\/www.autoridadempresas.gob.bo\/produccion\/index.php?rest_route=%2Fwp%2Fv2%2Fcomments&post=955"}],"version-history":[{"count":0,"href":"https:\/\/www.autoridadempresas.gob.bo\/produccion\/index.php?rest_route=\/wp\/v2\/pages\/955\/revisions"}],"up":[{"embeddable":true,"href":"https:\/\/www.autoridadempresas.gob.bo\/produccion\/index.php?rest_route=\/wp\/v2\/pages\/902"}],"wp:attachment":[{"href":"https:\/\/www.autoridadempresas.gob.bo\/produccion\/index.php?rest_route=%2Fwp%2Fv2%2Fmedia&parent=955"}],"curies":[{"name":"wp","href":"https:\/\/api.w.org\/{rel}","templated":true}]}}